{"id":84,"date":"2021-05-13T18:17:01","date_gmt":"2021-05-13T18:17:01","guid":{"rendered":"http:\/\/penyabarcelonistasantadria.com\/home\/?page_id=84"},"modified":"2022-06-24T20:23:21","modified_gmt":"2022-06-24T18:23:21","slug":"himne","status":"publish","type":"page","link":"https:\/\/penyabarcelonistasantadria.com\/home\/himne\/","title":{"rendered":"Himne"},"content":{"rendered":"\t\t<div data-elementor-type=\"wp-page\" data-elementor-id=\"84\" class=\"elementor elementor-84\">\n\t\t\t\t\t\t\t\t\t<section class=\"elementor-section elementor-top-section elementor-element elementor-element-cb4b1a8 elementor-section-full_width elementor-section-stretched elementor-section-height-full elementor-section-items-stretch elementor-section-height-default\" data-id=\"cb4b1a8\" data-element_type=\"section\" data-settings=\"{&quot;stretch_section&quot;:&quot;section-stretched&quot;,&quot;background_background&quot;:&quot;classic&quot;}\">\n\t\t\t\t\t\t\t<div class=\"elementor-background-overlay\"><\/div>\n\t\t\t\t\t\t\t<div class=\"elementor-container elementor-column-gap-default\">\n\t\t\t\t\t<div class=\"elementor-column elementor-col-100 elementor-top-column elementor-element elementor-element-750756b\" data-id=\"750756b\" data-element_type=\"column\">\n\t\t\t<div class=\"elementor-widget-wrap elementor-element-populated\">\n\t\t\t\t\t\t\t\t<div class=\"elementor-element elementor-element-d59ec50 elementor-widget elementor-widget-heading\" data-id=\"d59ec50\" data-element_type=\"widget\" data-widget_type=\"heading.default\">\n\t\t\t\t<div class=\"elementor-widget-container\">\n\t\t\t<h2 class=\"elementor-heading-title elementor-size-default\">\nHimne de la Penya Barcelonista Sant Adri\u00e0 de Bes\u00f2s<\/h2>\t\t<\/div>\n\t\t\t\t<\/div>\n\t\t\t\t\t<\/div>\n\t\t<\/div>\n\t\t\t\t\t\t\t<\/div>\n\t\t<\/section>\n\t\t\t\t<section class=\"elementor-section elementor-top-section elementor-element elementor-element-fb47203 elementor-section-full_width elementor-section-stretched elementor-section-height-default elementor-section-height-default\" data-id=\"fb47203\" data-element_type=\"section\" data-settings=\"{&quot;stretch_section&quot;:&quot;section-stretched&quot;,&quot;background_background&quot;:&quot;gradient&quot;}\">\n\t\t\t\t\t\t<div class=\"elementor-container elementor-column-gap-default\">\n\t\t\t\t\t<div class=\"elementor-column elementor-col-50 elementor-top-column elementor-element elementor-element-8b241e9\" data-id=\"8b241e9\" data-element_type=\"column\">\n\t\t\t<div class=\"elementor-widget-wrap elementor-element-populated\">\n\t\t\t\t\t\t\t\t<section class=\"elementor-section elementor-inner-section elementor-element elementor-element-9b5e6ba elementor-section-boxed elementor-section-height-default elementor-section-height-default\" data-id=\"9b5e6ba\" data-element_type=\"section\">\n\t\t\t\t\t\t<div class=\"elementor-container elementor-column-gap-default\">\n\t\t\t\t\t<div class=\"elementor-column elementor-col-50 elementor-inner-column elementor-element elementor-element-531e0df\" data-id=\"531e0df\" data-element_type=\"column\">\n\t\t\t<div class=\"elementor-widget-wrap elementor-element-populated\">\n\t\t\t\t\t\t\t\t<div class=\"elementor-element elementor-element-715dac7 elementor-position-top elementor-vertical-align-top elementor-widget elementor-widget-image-box\" data-id=\"715dac7\" data-element_type=\"widget\" data-widget_type=\"image-box.default\">\n\t\t\t\t<div class=\"elementor-widget-container\">\n\t\t\t<div class=\"elementor-image-box-wrapper\"><figure class=\"elementor-image-box-img\"><img loading=\"lazy\" decoding=\"async\" width=\"95\" height=\"136\" src=\"https:\/\/penyabarcelonistasantadria.com\/home\/wp-content\/uploads\/2021\/05\/compositor.jpg\" class=\"attachment-full size-full\" alt=\"\" \/><\/figure><div class=\"elementor-image-box-content\"><h3 class=\"elementor-image-box-title\">Antoni Pericas<\/h3><\/div><\/div>\t\t<\/div>\n\t\t\t\t<\/div>\n\t\t\t\t<div class=\"elementor-element elementor-element-8d7aec6 elementor-widget elementor-widget-heading\" data-id=\"8d7aec6\" data-element_type=\"widget\" data-widget_type=\"heading.default\">\n\t\t\t\t<div class=\"elementor-widget-container\">\n\t\t\t<h5 class=\"elementor-heading-title elementor-size-default\">M\u00fasic i Compositor<\/h5>\t\t<\/div>\n\t\t\t\t<\/div>\n\t\t\t\t\t<\/div>\n\t\t<\/div>\n\t\t\t\t<div class=\"elementor-column elementor-col-50 elementor-inner-column elementor-element elementor-element-dddbaa2\" data-id=\"dddbaa2\" data-element_type=\"column\">\n\t\t\t<div class=\"elementor-widget-wrap elementor-element-populated\">\n\t\t\t\t\t\t\t\t<div class=\"elementor-element elementor-element-f4981fa elementor-widget elementor-widget-image\" data-id=\"f4981fa\" data-element_type=\"widget\" data-widget_type=\"image.default\">\n\t\t\t\t<div class=\"elementor-widget-container\">\n\t\t\t\t\t\t\t\t\t\t\t\t\t\t\t<img loading=\"lazy\" decoding=\"async\" width=\"594\" height=\"840\" src=\"https:\/\/penyabarcelonistasantadria.com\/home\/wp-content\/uploads\/2021\/05\/himne-1.jpg\" class=\"attachment-large size-large\" alt=\"\" srcset=\"https:\/\/penyabarcelonistasantadria.com\/home\/wp-content\/uploads\/2021\/05\/himne-1.jpg 594w, https:\/\/penyabarcelonistasantadria.com\/home\/wp-content\/uploads\/2021\/05\/himne-1-212x300.jpg 212w\" sizes=\"auto, (max-width: 594px) 100vw, 594px\" \/>\t\t\t\t\t\t\t\t\t\t\t\t\t\t\t<\/div>\n\t\t\t\t<\/div>\n\t\t\t\t<div class=\"elementor-element elementor-element-4683d17 elementor-widget elementor-widget-text-editor\" data-id=\"4683d17\" data-element_type=\"widget\" data-widget_type=\"text-editor.default\">\n\t\t\t\t<div class=\"elementor-widget-container\">\n\t\t\t\t\t\t\t<p>\u00a0<\/p><div class=\"wp-playlist wp-audio-playlist wp-playlist-light\">\n\t\t\t<div class=\"wp-playlist-current-item\"><\/div>\n\t\t<audio controls=\"controls\" preload=\"none\" width=\"640\"\n\t\t\t><\/audio>\n\t<div class=\"wp-playlist-next\"><\/div>\n\t<div class=\"wp-playlist-prev\"><\/div>\n\t<noscript>\n\t<ol>\n\t\t<li><a href='https:\/\/penyabarcelonistasantadria.com\/home\/wp-content\/uploads\/2021\/09\/himne.mp3'>Pista 01<\/a><\/li>\t<\/ol>\n\t<\/noscript>\n\t<script type=\"application\/json\" class=\"wp-playlist-script\">{\"type\":\"audio\",\"tracklist\":true,\"tracknumbers\":true,\"images\":true,\"artists\":true,\"tracks\":[{\"src\":\"https:\/\/penyabarcelonistasantadria.com\/home\/wp-content\/uploads\/2021\/09\/himne.mp3\",\"type\":\"audio\/mpeg\",\"title\":\"Pista 01\",\"caption\":\"\",\"description\":\"\\u00abPista 01\\u00bb en Himne de la Penya Barcelonista Sant Adri\\u00e0 de Bes\\u00f2s por Penya Barcelonista Sant Adri\\u00e0 de Bes\\u00f2s. Pista 1.\",\"meta\":{\"artist\":\"Penya Barcelonista Sant Adri\\u00e0 de Bes\\u00f2s\",\"album\":\"Himne de la Penya Barcelonista Sant Adri\\u00e0 de Bes\\u00f2s\",\"length_formatted\":\"2:27\"},\"image\":{\"src\":\"https:\/\/penyabarcelonistasantadria.com\/home\/wp-includes\/images\/media\/audio.svg\",\"width\":48,\"height\":64},\"thumb\":{\"src\":\"https:\/\/penyabarcelonistasantadria.com\/home\/wp-includes\/images\/media\/audio.svg\",\"width\":48,\"height\":64}}]}<\/script>\n<\/div>\n\t\t\t\t\t\t\t<\/div>\n\t\t\t\t<\/div>\n\t\t\t\t\t<\/div>\n\t\t<\/div>\n\t\t\t\t\t\t\t<\/div>\n\t\t<\/section>\n\t\t\t\t\t<\/div>\n\t\t<\/div>\n\t\t\t\t<div class=\"elementor-column elementor-col-50 elementor-top-column elementor-element elementor-element-7d61cd3\" data-id=\"7d61cd3\" data-element_type=\"column\">\n\t\t\t<div class=\"elementor-widget-wrap elementor-element-populated\">\n\t\t\t\t\t\t\t\t<div class=\"elementor-element elementor-element-34fe934 elementor-widget elementor-widget-text-editor\" data-id=\"34fe934\" data-element_type=\"widget\" data-widget_type=\"text-editor.default\">\n\t\t\t\t<div class=\"elementor-widget-container\">\n\t\t\t\t\t\t\t<div id=\"imGroup_4\" class=\"imVGroup\"><div id=\"imCell_8\" class=\"\"><div id=\"imCellStyle_8\" data-responsive-sequence-number=\"4\"><div id=\"imTextObject_24_08\"><div id=\"imTextObject_24_08_tab0\" class=\"text-tab-content\"><div class=\"text-inner\" style=\"text-align: center;\"><span class=\"fs12 ff1\" style=\"color: #ffff00;\">Som la Penya Barcelonista de Sant Adri\u00e0,<\/span><div style=\"text-align: center;\"><span class=\"fs12 ff1\" style=\"color: #ffff00;\">estimem al nostre Bar\u00e7a,<\/span><\/div><div style=\"text-align: center;\"><span class=\"fs12 ff1\" style=\"color: #ffff00;\">que \u00e9s el club millor que hi ha,<\/span><\/div><div style=\"text-align: center;\"><span class=\"fs12 ff1\" style=\"color: #ffff00;\">quan som al camp cridem<\/span><\/div><div style=\"text-align: center;\"><span class=\"fs12 ff1\" style=\"color: #ffff00;\">Bar\u00e7a! Animant al nostre equip,<\/span><\/div><div style=\"text-align: center;\"><span class=\"fs12 ff1\" style=\"color: #ffff00;\">i amb la gent que ens acompanya cridem,<\/span><\/div><div style=\"text-align: center;\"><span class=\"fs12 ff1\" style=\"color: #ffff00;\">Bar\u00e7a! amb un sol crit.<\/span><\/div><div style=\"text-align: center;\"><span class=\"fs12 ff1\" style=\"color: #ffff00;\">Barcelonistes serem sempre, barcelonistes tota la vida,<\/span><\/div><div style=\"text-align: center;\"><span class=\"fs12 ff1\" style=\"color: #ffff00;\">ser\u00e0 el Bar\u00e7a el nostre signe i ning\u00fa ens far\u00e0 canviar.<\/span><\/div><div style=\"text-align: center;\"><span class=\"fs12 ff1\" style=\"color: #ffff00;\">La bandera blaugrana estar\u00e0 sempre al nostre cor<\/span><\/div><div style=\"text-align: center;\"><span class=\"fs12 ff1\" style=\"color: #ffff00;\">i al camp tothom crida,<\/span><\/div><div style=\"text-align: center;\"><span class=\"fs12 ff1\" style=\"color: #ffff00;\">Bar\u00e7a!, Bar\u00e7a!, Bar\u00e7a!<\/span><\/div><div style=\"text-align: center;\"><span class=\"fs12 ff1\" style=\"color: #ffff00;\">Som una Penya Barcelonista com tantes n\u2019hi ha,<\/span><\/div><div style=\"text-align: center;\"><span class=\"fs12 ff1\" style=\"color: #ffff00;\">anem al camp i cridem Bar\u00e7a!,<\/span><\/div><div style=\"text-align: center;\"><span class=\"fs12 ff1\" style=\"color: #ffff00;\">conven\u00e7uts que guanyar\u00e0.<\/span><\/div><div style=\"text-align: center;\"><span class=\"fs12 ff1\" style=\"color: #ffff00;\">Quan som al camp cridem, Bar\u00e7a!<\/span><\/div><div style=\"text-align: center;\"><span class=\"fs12 ff1\" style=\"color: #ffff00;\">perqu\u00e8 sabem que \u00e9s el millor,<\/span><\/div><div style=\"text-align: center;\"><span class=\"fs12 ff1\" style=\"color: #ffff00;\">el millor equip que juga amb entusiasme i amb valor.<\/span><\/div><div style=\"text-align: center;\"><span class=\"fs12 ff1\" style=\"color: #ffff00;\">Bar\u00e7a!, Bar\u00e7a!, Bar\u00e7a!<\/span><\/div><\/div><\/div><\/div><\/div><\/div><\/div><div id=\"imGroup_5\" class=\"imVGroup\" style=\"text-align: center;\"><br \/><br \/><\/div>\t\t\t\t\t\t<\/div>\n\t\t\t\t<\/div>\n\t\t\t\t\t<\/div>\n\t\t<\/div>\n\t\t\t\t\t\t\t<\/div>\n\t\t<\/section>\n\t\t\t\t<section class=\"elementor-section elementor-top-section elementor-element elementor-element-f72b711 elementor-section-boxed elementor-section-height-default elementor-section-height-default\" data-id=\"f72b711\" data-element_type=\"section\">\n\t\t\t\t\t\t<div class=\"elementor-container elementor-column-gap-default\">\n\t\t\t\t\t<div class=\"elementor-column elementor-col-100 elementor-top-column elementor-element elementor-element-40a6b9c\" data-id=\"40a6b9c\" data-element_type=\"column\">\n\t\t\t<div class=\"elementor-widget-wrap\">\n\t\t\t\t\t\t\t\t\t<\/div>\n\t\t<\/div>\n\t\t\t\t\t\t\t<\/div>\n\t\t<\/section>\n\t\t\t\t\t\t\t<\/div>\n\t\t","protected":false},"excerpt":{"rendered":"<p>Himne de la Penya Barcelonista Sant Adri\u00e0 de Bes\u00f2s Antoni Pericas M\u00fasic i Compositor \u00a0 Som la Penya Barcelonista de Sant Adri\u00e0,estimem al nostre Bar\u00e7a,que \u00e9s el club millor que hi ha,quan som al camp cridemBar\u00e7a! Animant al nostre equip,i amb la gent que ens acompanya cridem,Bar\u00e7a! amb un sol crit.Barcelonistes serem sempre, barcelonistes tota &hellip;<\/p>\n<p class=\"read-more\"> <a class=\"\" href=\"https:\/\/penyabarcelonistasantadria.com\/home\/himne\/\"> <span class=\"screen-reader-text\">Himne<\/span> Leer m\u00e1s &raquo;<\/a><\/p>\n","protected":false},"author":1,"featured_media":0,"parent":0,"menu_order":0,"comment_status":"closed","ping_status":"closed","template":"","meta":{"site-sidebar-layout":"no-sidebar","site-content-layout":"page-builder","ast-global-header-display":"","ast-main-header-display":"","ast-hfb-above-header-display":"","ast-hfb-below-header-display":"","ast-hfb-mobile-header-display":"","site-post-title":"disabled","ast-breadcrumbs-content":"","ast-featured-img":"disabled","footer-sml-layout":"","theme-transparent-header-meta":"default","adv-header-id-meta":"","stick-header-meta":"","header-above-stick-meta":"","header-main-stick-meta":"","header-below-stick-meta":"","footnotes":""},"class_list":["post-84","page","type-page","status-publish","hentry"],"_links":{"self":[{"href":"https:\/\/penyabarcelonistasantadria.com\/home\/wp-json\/wp\/v2\/pages\/84","targetHints":{"allow":["GET"]}}],"collection":[{"href":"https:\/\/penyabarcelonistasantadria.com\/home\/wp-json\/wp\/v2\/pages"}],"about":[{"href":"https:\/\/penyabarcelonistasantadria.com\/home\/wp-json\/wp\/v2\/types\/page"}],"author":[{"embeddable":true,"href":"https:\/\/penyabarcelonistasantadria.com\/home\/wp-json\/wp\/v2\/users\/1"}],"replies":[{"embeddable":true,"href":"https:\/\/penyabarcelonistasantadria.com\/home\/wp-json\/wp\/v2\/comments?post=84"}],"version-history":[{"count":68,"href":"https:\/\/penyabarcelonistasantadria.com\/home\/wp-json\/wp\/v2\/pages\/84\/revisions"}],"predecessor-version":[{"id":3634,"href":"https:\/\/penyabarcelonistasantadria.com\/home\/wp-json\/wp\/v2\/pages\/84\/revisions\/3634"}],"wp:attachment":[{"href":"https:\/\/penyabarcelonistasantadria.com\/home\/wp-json\/wp\/v2\/media?parent=84"}],"curies":[{"name":"wp","href":"https:\/\/api.w.org\/{rel}","templated":true}]}}