{"id":478,"date":"2021-05-17T12:14:33","date_gmt":"2021-05-17T10:14:33","guid":{"rendered":"http:\/\/penyabarcelonistasantadria.com\/home\/?page_id=478"},"modified":"2022-07-28T12:01:04","modified_gmt":"2022-07-28T10:01:04","slug":"loteria","status":"publish","type":"page","link":"http:\/\/penyabarcelonistasantadria.com\/home\/loteria\/","title":{"rendered":"Loteria"},"content":{"rendered":"\t\t<div data-elementor-type=\"wp-page\" data-elementor-id=\"478\" class=\"elementor elementor-478\">\n\t\t\t\t\t\t\t\t\t<section class=\"elementor-section elementor-top-section elementor-element elementor-element-52e114f elementor-section-full_width elementor-section-stretched elementor-section-height-default elementor-section-height-default\" data-id=\"52e114f\" data-element_type=\"section\" data-settings=\"{&quot;stretch_section&quot;:&quot;section-stretched&quot;,&quot;background_background&quot;:&quot;gradient&quot;}\">\n\t\t\t\t\t\t<div class=\"elementor-container elementor-column-gap-default\">\n\t\t\t\t\t<div class=\"elementor-column elementor-col-100 elementor-top-column elementor-element elementor-element-0f8f6ac\" data-id=\"0f8f6ac\" data-element_type=\"column\">\n\t\t\t<div class=\"elementor-widget-wrap elementor-element-populated\">\n\t\t\t\t\t\t\t\t<div class=\"elementor-element elementor-element-b6e953c elementor-widget elementor-widget-heading\" data-id=\"b6e953c\" data-element_type=\"widget\" data-widget_type=\"heading.default\">\n\t\t\t\t<div class=\"elementor-widget-container\">\n\t\t\t<h1 class=\"elementor-heading-title elementor-size-default\">Loter\u00eda<\/h1>\t\t<\/div>\n\t\t\t\t<\/div>\n\t\t\t\t<div class=\"elementor-element elementor-element-10ea2c9 elementor-widget elementor-widget-text-editor\" data-id=\"10ea2c9\" data-element_type=\"widget\" data-widget_type=\"text-editor.default\">\n\t\t\t\t<div class=\"elementor-widget-container\">\n\t\t\t\t\t\t\t<p style=\"text-align: center;\"><strong class=\"fs12 ff1\">Cada setmana, la Penya Barcelonista Sant Adri\u00e0 juga a la Loteria Nacional amb el n\u00famero<\/strong><\/p><h1 style=\"text-align: center;\"><span style=\"color: #ffff00;\"><strong><span class=\"fs54 cf1 ff1\">45.362<\/span><\/strong><\/span><\/h1><p style=\"text-align: center; padding-left: 40px;\"><strong><span class=\"fs18 ff1\">No deixeu escapar la sort!<\/span><\/strong><\/p><p style=\"text-align: center; padding-left: 40px;\"><strong class=\"fs12 ff1\">Per a m\u00e9s informaci\u00f3, passeu per la Penya al carrer Maragall, 18 baixos<\/strong><\/p><p style=\"text-align: center;\"><strong>08930 Sant Adri\u00e0 de Bes\u00f2s<\/strong><\/p><p>\u00a0<\/p><p style=\"text-align: center;\"><strong class=\"fs12 ff1\">Tamb\u00e9 amb el mateix n\u00famero per Nadal i Reis.<\/strong><\/p><p style=\"text-align: center; padding-left: 40px;\"><strong class=\"fs12 ff1\">Cal fer l\u2019import efectiu la primera setmana de mes.<\/strong><\/p>\t\t\t\t\t\t<\/div>\n\t\t\t\t<\/div>\n\t\t\t\t\t<\/div>\n\t\t<\/div>\n\t\t\t\t\t\t\t<\/div>\n\t\t<\/section>\n\t\t\t\t\t\t\t<\/div>\n\t\t","protected":false},"excerpt":{"rendered":"<p>Loter\u00eda Cada setmana, la Penya Barcelonista Sant Adri\u00e0 juga a la Loteria Nacional amb el n\u00famero 45.362 No deixeu escapar la sort! Per a m\u00e9s informaci\u00f3, passeu per la Penya al carrer Maragall, 18 baixos 08930 Sant Adri\u00e0 de Bes\u00f2s \u00a0 Tamb\u00e9 amb el mateix n\u00famero per Nadal i Reis. Cal fer l\u2019import efectiu la &hellip;<\/p>\n<p class=\"read-more\"> <a class=\"\" href=\"http:\/\/penyabarcelonistasantadria.com\/home\/loteria\/\"> <span class=\"screen-reader-text\">Loteria<\/span> Leer m\u00e1s &raquo;<\/a><\/p>\n","protected":false},"author":1,"featured_media":0,"parent":0,"menu_order":0,"comment_status":"closed","ping_status":"closed","template":"","meta":{"site-sidebar-layout":"no-sidebar","site-content-layout":"page-builder","ast-global-header-display":"","ast-main-header-display":"","ast-hfb-above-header-display":"","ast-hfb-below-header-display":"","ast-hfb-mobile-header-display":"","site-post-title":"disabled","ast-breadcrumbs-content":"","ast-featured-img":"disabled","footer-sml-layout":"","theme-transparent-header-meta":"default","adv-header-id-meta":"","stick-header-meta":"","header-above-stick-meta":"","header-main-stick-meta":"","header-below-stick-meta":"","footnotes":""},"class_list":["post-478","page","type-page","status-publish","hentry"],"_links":{"self":[{"href":"http:\/\/penyabarcelonistasantadria.com\/home\/wp-json\/wp\/v2\/pages\/478","targetHints":{"allow":["GET"]}}],"collection":[{"href":"http:\/\/penyabarcelonistasantadria.com\/home\/wp-json\/wp\/v2\/pages"}],"about":[{"href":"http:\/\/penyabarcelonistasantadria.com\/home\/wp-json\/wp\/v2\/types\/page"}],"author":[{"embeddable":true,"href":"http:\/\/penyabarcelonistasantadria.com\/home\/wp-json\/wp\/v2\/users\/1"}],"replies":[{"embeddable":true,"href":"http:\/\/penyabarcelonistasantadria.com\/home\/wp-json\/wp\/v2\/comments?post=478"}],"version-history":[{"count":29,"href":"http:\/\/penyabarcelonistasantadria.com\/home\/wp-json\/wp\/v2\/pages\/478\/revisions"}],"predecessor-version":[{"id":3788,"href":"http:\/\/penyabarcelonistasantadria.com\/home\/wp-json\/wp\/v2\/pages\/478\/revisions\/3788"}],"wp:attachment":[{"href":"http:\/\/penyabarcelonistasantadria.com\/home\/wp-json\/wp\/v2\/media?parent=478"}],"curies":[{"name":"wp","href":"https:\/\/api.w.org\/{rel}","templated":true}]}}